{"id":51,"date":"2023-07-26T13:08:45","date_gmt":"2023-07-26T13:08:45","guid":{"rendered":"https:\/\/drhsante.com\/drh\/?page_id=51"},"modified":"2024-04-24T10:42:41","modified_gmt":"2024-04-24T10:42:41","slug":"pieces-a-fournir","status":"publish","type":"page","link":"https:\/\/drhsante.com\/drh\/pieces-a-fournir\/","title":{"rendered":"Pi\u00e8ces \u00e0 fournir"},"content":{"rendered":"\t\t<div data-elementor-type=\"wp-page\" data-elementor-id=\"51\" class=\"elementor elementor-51\" data-elementor-post-type=\"page\">\n\t\t\t\t\t\t<section class=\"elementor-section elementor-top-section elementor-element elementor-element-c83ff04 elementor-section-boxed elementor-section-height-default elementor-section-height-default wpr-particle-no wpr-jarallax-no wpr-parallax-no wpr-sticky-section-no wpr-equal-height-no\" data-id=\"c83ff04\" data-element_type=\"section\" data-e-type=\"section\">\n\t\t\t\t\t\t<div class=\"elementor-container elementor-column-gap-default\">\n\t\t\t\t\t<div class=\"elementor-column elementor-col-100 elementor-top-column elementor-element elementor-element-516baa4\" data-id=\"516baa4\" data-element_type=\"column\" data-e-type=\"column\">\n\t\t\t<div class=\"elementor-widget-wrap elementor-element-populated\">\n\t\t\t\t\t\t<div class=\"elementor-element elementor-element-6cfcff2 elementor-tabs-view-horizontal elementor-widget elementor-widget-tabs\" data-id=\"6cfcff2\" data-element_type=\"widget\" data-e-type=\"widget\" data-widget_type=\"tabs.default\">\n\t\t\t\t<div class=\"elementor-widget-container\">\n\t\t\t\t\t\t\t<div class=\"elementor-tabs\">\n\t\t\t<div class=\"elementor-tabs-wrapper\" role=\"tablist\" >\n\t\t\t\t\t\t\t\t\t<div id=\"elementor-tab-title-1141\" class=\"elementor-tab-title elementor-tab-desktop-title\" aria-selected=\"true\" data-tab=\"1\" role=\"tab\" tabindex=\"0\" aria-controls=\"elementor-tab-content-1141\" aria-expanded=\"false\">Dossier contractualisation<\/div>\n\t\t\t\t\t\t\t\t\t<div id=\"elementor-tab-title-1142\" class=\"elementor-tab-title elementor-tab-desktop-title\" aria-selected=\"false\" data-tab=\"2\" role=\"tab\" tabindex=\"-1\" aria-controls=\"elementor-tab-content-1142\" aria-expanded=\"false\">Dossier titularisation<\/div>\n\t\t\t\t\t\t\t\t\t<div id=\"elementor-tab-title-1143\" class=\"elementor-tab-title elementor-tab-desktop-title\" aria-selected=\"false\" data-tab=\"3\" role=\"tab\" tabindex=\"-1\" aria-controls=\"elementor-tab-content-1143\" aria-expanded=\"false\">Reclassement & Reconversion<\/div>\n\t\t\t\t\t\t\t\t\t<div id=\"elementor-tab-title-1144\" class=\"elementor-tab-title elementor-tab-desktop-title\" aria-selected=\"false\" data-tab=\"4\" role=\"tab\" tabindex=\"-1\" aria-controls=\"elementor-tab-content-1144\" aria-expanded=\"false\">Indemnit\u00e9 sp\u00e9cialisation<\/div>\n\t\t\t\t\t\t\t<\/div>\n\t\t\t<div class=\"elementor-tabs-content-wrapper\" role=\"tablist\" aria-orientation=\"vertical\">\n\t\t\t\t\t\t\t\t\t<div class=\"elementor-tab-title elementor-tab-mobile-title\" aria-selected=\"true\" data-tab=\"1\" role=\"tab\" tabindex=\"0\" aria-controls=\"elementor-tab-content-1141\" aria-expanded=\"false\">Dossier contractualisation<\/div>\n\t\t\t\t\t<div id=\"elementor-tab-content-1141\" class=\"elementor-tab-content elementor-clearfix\" data-tab=\"1\" role=\"tabpanel\" aria-labelledby=\"elementor-tab-title-1141\" tabindex=\"0\" hidden=\"false\"><ul><li>Demande manuscrite adress\u00e9e au MSAS<\/li><li><i class=\"cspt-globalcolor entypo-icon entypo-icon-check\"><\/i>\u00a0Photocopie certifi\u00e9e conforme de chaque dipl\u00f4me obtenu<\/li><li><i class=\"cspt-globalcolor entypo-icon entypo-icon-check\"><\/i>\u00a0Extrait de naissance de moins de 3 mois<\/li><li><i class=\"cspt-globalcolor entypo-icon entypo-icon-check\"><\/i>\u00a0Extrait de casier judiciaire de mois de 3 mois<\/li><li><i class=\"cspt-globalcolor entypo-icon entypo-icon-check\"><\/i>\u00a0Certificat de bonne vie et m\u0153urs<\/li><li><i class=\"cspt-globalcolor entypo-icon entypo-icon-check\"><\/i>\u00a0Certificat de visite contre visite m\u00e9dicale<\/li><li><i class=\"cspt-globalcolor entypo-icon entypo-icon-check\"><\/i>\u00a0Certificat de nationalit\u00e9<\/li><\/ul><\/div>\n\t\t\t\t\t\t\t\t\t<div class=\"elementor-tab-title elementor-tab-mobile-title\" aria-selected=\"false\" data-tab=\"2\" role=\"tab\" tabindex=\"-1\" aria-controls=\"elementor-tab-content-1142\" aria-expanded=\"false\">Dossier titularisation<\/div>\n\t\t\t\t\t<div id=\"elementor-tab-content-1142\" class=\"elementor-tab-content elementor-clearfix\" data-tab=\"2\" role=\"tabpanel\" aria-labelledby=\"elementor-tab-title-1142\" tabindex=\"0\" hidden=\"hidden\"><ul><li><i class=\"cspt-globalcolor fa fa-caret-right\"><\/i>\u00a0Demande portant N\u00b0 tel adress\u00e9e au MFPRSP<\/li><li><i class=\"cspt-globalcolor fa fa-caret-right\"><\/i>\u00a0Copie l\u00e9galis\u00e9e du certificat de nationalit\u00e9<\/li><li><i class=\"cspt-globalcolor fa fa-caret-right\"><\/i>\u00a0Certificat de visite contre visite<\/li><li><i class=\"cspt-globalcolor fa fa-caret-right\"><\/i>\u00a0Fiche d&rsquo;\u00e9valuation<\/li><li><i class=\"cspt-globalcolor fa fa-caret-right\"><\/i>\u00a0Rapport de fin de stage<\/li><li><i class=\"cspt-globalcolor fa fa-caret-right\"><\/i>\u00a0Attestation de prise de service<\/li><li><i class=\"cspt-globalcolor fa fa-caret-right\"><\/i>\u00a0Copie de la d\u00e9cision d&rsquo;engagement a la FP<\/li><li><i class=\"cspt-globalcolor fa fa-caret-right\"><\/i>\u00a0Un bulletin de salaire<\/li><li><i class=\"cspt-globalcolor fa fa-caret-right\"><\/i>\u00a0Copie l\u00e9galis\u00e9e du dipl\u00f4me professionnel<\/li><li><i class=\"cspt-globalcolor fa fa-caret-right\"><\/i>\u00a0Le d\u00e9p\u00f4t se fera par voie hi\u00e9rarchique<\/li><\/ul><\/div>\n\t\t\t\t\t\t\t\t\t<div class=\"elementor-tab-title elementor-tab-mobile-title\" aria-selected=\"false\" data-tab=\"3\" role=\"tab\" tabindex=\"-1\" aria-controls=\"elementor-tab-content-1143\" aria-expanded=\"false\">Reclassement & Reconversion<\/div>\n\t\t\t\t\t<div id=\"elementor-tab-content-1143\" class=\"elementor-tab-content elementor-clearfix\" data-tab=\"3\" role=\"tabpanel\" aria-labelledby=\"elementor-tab-title-1143\" tabindex=\"0\" hidden=\"hidden\"><div class=\"vc_row wpb_row vc_row-fluid cspt-row cspt-bg-color-yes cspt-bg-color-transparent cspt-zindex-zero\"><div class=\"wpb_column vc_column_container vc_col-sm-9 cspt-column cspt-bg-color-yes cspt-bg-color-transparent cspt-zindex-zero\"><div class=\"vc_column-inner \"><div class=\"wpb_wrapper\"><div class=\"vc_row wpb_row vc_inner vc_row-fluid cspt-row-inner cspt-bg-color-yes cspt-bg-color-transparent cspt-zindex-zero\"><div class=\"wpb_column vc_column_container vc_col-sm-7 cspt-column-inner cspt-bg-color-yes cspt-bg-color-transparent cspt-zindex-zero\"><div class=\"vc_column-inner \"><div class=\"wpb_wrapper\"><div class=\"creativesplanet-ul-list cspt-ul-type-icon\"><ul><li>Demande manuscrite portant num\u00e9ro de t\u00e9l\u00e9phone<\/li><li><i class=\"cspt-globalcolor fa fa-check\"><\/i>\u00a0Attestation de prise de service apr\u00e8s obtention du dipl\u00f4me<\/li><li><i class=\"cspt-globalcolor fa fa-check\"><\/i>\u00a0Copie l\u00e9galis\u00e9e du dipl\u00f4me ou attestation de r\u00e9ussite<\/li><li><i class=\"cspt-globalcolor fa fa-check\"><\/i>\u00a0Copie de la derni\u00e8re situation administrative<\/li><li><i class=\"cspt-globalcolor fa fa-check\"><\/i>\u00a0Les ratures et surcharge s feront l&rsquo;objet d&rsquo;un rejet<\/li><li><i class=\"cspt-globalcolor fa fa-check\"><\/i>\u00a0Le d\u00e9p\u00f4t se fera par voie hi\u00e9rarchique \u00e0 partir de la structure respective<\/li><\/ul><\/div><\/div><\/div><\/div><\/div><\/div><\/div><\/div><\/div><div class=\"vc_row wpb_row vc_row-fluid cspt-row cspt-bg-color-yes cspt-bg-color-transparent cspt-zindex-zero\"><div class=\"wpb_column vc_column_container vc_col-sm-3 cspt-column cspt-bg-color-yes cspt-bg-color-transparent cspt-zindex-zero\"><div class=\"vc_column-inner \"><ul><li class=\"wpb_wrapper\">\u00a0<\/li><\/ul><\/div><\/div><\/div><\/div>\n\t\t\t\t\t\t\t\t\t<div class=\"elementor-tab-title elementor-tab-mobile-title\" aria-selected=\"false\" data-tab=\"4\" role=\"tab\" tabindex=\"-1\" aria-controls=\"elementor-tab-content-1144\" aria-expanded=\"false\">Indemnit\u00e9 sp\u00e9cialisation<\/div>\n\t\t\t\t\t<div id=\"elementor-tab-content-1144\" class=\"elementor-tab-content elementor-clearfix\" data-tab=\"4\" role=\"tabpanel\" aria-labelledby=\"elementor-tab-title-1144\" tabindex=\"0\" hidden=\"hidden\"><ul><li><i class=\"cspt-globalcolor fa fa-check\"><\/i>\u00a0Demande manuscrite portant num\u00e9ro de t\u00e9l\u00e9phone adress\u00e9 au MFPRSP<\/li><li><i class=\"cspt-globalcolor fa fa-check\"><\/i>\u00a0Copie l\u00e9galis\u00e9e du dipl\u00f4me ou attestation de r\u00e9ussite<\/li><li><i class=\"cspt-globalcolor fa fa-check\"><\/i>\u00a0Copie de la d\u00e9cision d&rsquo;engagement<\/li><li><i class=\"cspt-globalcolor fa fa-check\"><\/i>\u00a0Attestation de prise de service<\/li><li><i class=\"cspt-globalcolor fa fa-check\"><\/i>\u00a0Bulletin de solde<\/li><\/ul><\/div>\n\t\t\t\t\t\t\t<\/div>\n\t\t<\/div>\n\t\t\t\t\t\t<\/div>\n\t\t\t\t<\/div>\n\t\t\t\t\t<\/div>\n\t\t<\/div>\n\t\t\t\t\t<\/div>\n\t\t<\/section>\n\t\t\t\t<section class=\"elementor-section elementor-top-section elementor-element elementor-element-18084a4 elementor-section-boxed elementor-section-height-default elementor-section-height-default wpr-particle-no wpr-jarallax-no wpr-parallax-no wpr-sticky-section-no wpr-equal-height-no\" data-id=\"18084a4\" data-element_type=\"section\" data-e-type=\"section\">\n\t\t\t\t\t\t<div class=\"elementor-container elementor-column-gap-default\">\n\t\t\t\t\t<div class=\"elementor-column elementor-col-100 elementor-top-column elementor-element elementor-element-ee16248\" data-id=\"ee16248\" data-element_type=\"column\" data-e-type=\"column\">\n\t\t\t<div class=\"elementor-widget-wrap elementor-element-populated\">\n\t\t\t\t\t\t<div class=\"elementor-element elementor-element-bddd18e elementor-tabs-view-horizontal elementor-widget elementor-widget-tabs\" data-id=\"bddd18e\" data-element_type=\"widget\" data-e-type=\"widget\" data-widget_type=\"tabs.default\">\n\t\t\t\t<div class=\"elementor-widget-container\">\n\t\t\t\t\t\t\t<div class=\"elementor-tabs\">\n\t\t\t<div class=\"elementor-tabs-wrapper\" role=\"tablist\" >\n\t\t\t\t\t\t\t\t\t<div id=\"elementor-tab-title-1991\" class=\"elementor-tab-title elementor-tab-desktop-title\" aria-selected=\"true\" data-tab=\"1\" role=\"tab\" tabindex=\"0\" aria-controls=\"elementor-tab-content-1991\" aria-expanded=\"false\">Nouvelles recrues<\/div>\n\t\t\t\t\t\t\t\t\t<div id=\"elementor-tab-title-1992\" class=\"elementor-tab-title elementor-tab-desktop-title\" aria-selected=\"false\" data-tab=\"2\" role=\"tab\" tabindex=\"-1\" aria-controls=\"elementor-tab-content-1992\" aria-expanded=\"false\">Mise en solde<\/div>\n\t\t\t\t\t\t\t\t\t<div id=\"elementor-tab-title-1993\" class=\"elementor-tab-title elementor-tab-desktop-title\" aria-selected=\"false\" data-tab=\"3\" role=\"tab\" tabindex=\"-1\" aria-controls=\"elementor-tab-content-1993\" aria-expanded=\"false\">Carte professionnelle<\/div>\n\t\t\t\t\t\t\t\t\t<div id=\"elementor-tab-title-1994\" class=\"elementor-tab-title elementor-tab-desktop-title\" aria-selected=\"false\" data-tab=\"4\" role=\"tab\" tabindex=\"-1\" aria-controls=\"elementor-tab-content-1994\" aria-expanded=\"false\">Formulaire demande<\/div>\n\t\t\t\t\t\t\t<\/div>\n\t\t\t<div class=\"elementor-tabs-content-wrapper\" role=\"tablist\" aria-orientation=\"vertical\">\n\t\t\t\t\t\t\t\t\t<div class=\"elementor-tab-title elementor-tab-mobile-title\" aria-selected=\"true\" data-tab=\"1\" role=\"tab\" tabindex=\"0\" aria-controls=\"elementor-tab-content-1991\" aria-expanded=\"false\">Nouvelles recrues<\/div>\n\t\t\t\t\t<div id=\"elementor-tab-content-1991\" class=\"elementor-tab-content elementor-clearfix\" data-tab=\"1\" role=\"tabpanel\" aria-labelledby=\"elementor-tab-title-1991\" tabindex=\"0\" hidden=\"false\"><p>Apr\u00e8s r\u00e9ception de votre d\u00e9cision d\u2019engagement de la fonction publique,<\/p><p><span style=\"color: var( --e-global-color-text ); font-family: var( --e-global-typography-text-font-family ), Sans-serif; font-weight: var( --e-global-typography-text-font-weight ); font-size: var(--wp--custom--typography--font-size--text); background-color: var(--wp--preset--color--white);\">se munir de votre:<\/span><\/p><ul><li>Copie d\u00e9cision d\u2019engagement<\/li><li>Copie de la pi\u00e8ce d\u2019identit\u00e9<\/li><li>3 copies domiciliation bancaire<\/li><\/ul><p>\u00e0 d\u00e9poser a la DGPEC \/ DRH \/ MSAS<\/p><\/div>\n\t\t\t\t\t\t\t\t\t<div class=\"elementor-tab-title elementor-tab-mobile-title\" aria-selected=\"false\" data-tab=\"2\" role=\"tab\" tabindex=\"-1\" aria-controls=\"elementor-tab-content-1992\" aria-expanded=\"false\">Mise en solde<\/div>\n\t\t\t\t\t<div id=\"elementor-tab-content-1992\" class=\"elementor-tab-content elementor-clearfix\" data-tab=\"2\" role=\"tabpanel\" aria-labelledby=\"elementor-tab-title-1992\" tabindex=\"0\" hidden=\"hidden\"><ul><li>\u00a0Attestation de prise de service<\/li><li><i class=\"cspt-globalcolor fab fa-accessible-icon\"><\/i>\u00a0Copie de la d\u00e9cision d&rsquo;engagement<\/li><li><i class=\"cspt-globalcolor fab fa-accessible-icon\"><\/i>\u00a0Domiciliation bancaire<\/li><li><i class=\"cspt-globalcolor fab fa-accessible-icon\"><\/i>\u00a0Copie CNI<\/li><li><i class=\"cspt-globalcolor fab fa-accessible-icon\"><\/i>\u00a0A d\u00e9poser au bureau de la planification DGPEC\/DRH<\/li><\/ul><\/div>\n\t\t\t\t\t\t\t\t\t<div class=\"elementor-tab-title elementor-tab-mobile-title\" aria-selected=\"false\" data-tab=\"3\" role=\"tab\" tabindex=\"-1\" aria-controls=\"elementor-tab-content-1993\" aria-expanded=\"false\">Carte professionnelle<\/div>\n\t\t\t\t\t<div id=\"elementor-tab-content-1993\" class=\"elementor-tab-content elementor-clearfix\" data-tab=\"3\" role=\"tabpanel\" aria-labelledby=\"elementor-tab-title-1993\" tabindex=\"0\" hidden=\"hidden\"><ul><li>\u00a0Une demande adress\u00e9e au Directeur des Ressources Humaines<\/li><li><i class=\"cspt-globalcolor fa fa-user-o\"><\/i>\u00a0Une photocopie de la carte nationale d&rsquo;identit\u00e9<\/li><li><i class=\"cspt-globalcolor fa fa-user-o\"><\/i>\u00a0Deux photos d&rsquo;identit\u00e9<\/li><li><i class=\"cspt-globalcolor fa fa-user-o\"><\/i>\u00a0Un certificat administratif<\/li><li><i class=\"cspt-globalcolor fa fa-user-o\"><\/i>\u00a0A d\u00e9poser au secr\u00e9tariat du DRH<\/li><\/ul><\/div>\n\t\t\t\t\t\t\t\t\t<div class=\"elementor-tab-title elementor-tab-mobile-title\" aria-selected=\"false\" data-tab=\"4\" role=\"tab\" tabindex=\"-1\" aria-controls=\"elementor-tab-content-1994\" aria-expanded=\"false\">Formulaire demande<\/div>\n\t\t\t\t\t<div id=\"elementor-tab-content-1994\" class=\"elementor-tab-content elementor-clearfix\" data-tab=\"4\" role=\"tabpanel\" aria-labelledby=\"elementor-tab-title-1994\" tabindex=\"0\" hidden=\"hidden\"><ul><li>Demande d&rsquo;attestation de travail<\/li><li>Demande d&rsquo;un certificat administratif<\/li><li>Demande d&rsquo;attestation du fonds de motivation<\/li><\/ul><\/div>\n\t\t\t\t\t\t\t<\/div>\n\t\t<\/div>\n\t\t\t\t\t\t<\/div>\n\t\t\t\t<\/div>\n\t\t\t\t\t<\/div>\n\t\t<\/div>\n\t\t\t\t\t<\/div>\n\t\t<\/section>\n\t\t\t\t<\/div>\n\t\t","protected":false},"excerpt":{"rendered":"<p>Dossier contractualisation Dossier titularisation Reclassement &amp; Reconversion Indemnit\u00e9 sp\u00e9cialisation Dossier contractualisation Demande manuscrite adress\u00e9e au MSAS \u00a0Photocopie certifi\u00e9e conforme de chaque dipl\u00f4me obtenu \u00a0Extrait de naissance de moins de 3&#46;&#46;&#46;<\/p>\n","protected":false},"author":1,"featured_media":0,"parent":0,"menu_order":0,"comment_status":"closed","ping_status":"closed","template":"","meta":{"om_disable_all_campaigns":false,"_uf_show_specific_survey":0,"_uf_disable_surveys":false,"footnotes":""},"class_list":["post-51","page","type-page","status-publish","hentry"],"aioseo_notices":[],"jetpack_sharing_enabled":true,"_links":{"self":[{"href":"https:\/\/drhsante.com\/drh\/wp-json\/wp\/v2\/pages\/51","targetHints":{"allow":["GET"]}}],"collection":[{"href":"https:\/\/drhsante.com\/drh\/wp-json\/wp\/v2\/pages"}],"about":[{"href":"https:\/\/drhsante.com\/drh\/wp-json\/wp\/v2\/types\/page"}],"author":[{"embeddable":true,"href":"https:\/\/drhsante.com\/drh\/wp-json\/wp\/v2\/users\/1"}],"replies":[{"embeddable":true,"href":"https:\/\/drhsante.com\/drh\/wp-json\/wp\/v2\/comments?post=51"}],"version-history":[{"count":0,"href":"https:\/\/drhsante.com\/drh\/wp-json\/wp\/v2\/pages\/51\/revisions"}],"wp:attachment":[{"href":"https:\/\/drhsante.com\/drh\/wp-json\/wp\/v2\/media?parent=51"}],"curies":[{"name":"wp","href":"https:\/\/api.w.org\/{rel}","templated":true}]}}