{"id":37436,"date":"2025-11-28T08:05:41","date_gmt":"2025-11-28T08:05:41","guid":{"rendered":"https:\/\/drhsante.com\/drh\/?page_id=37436"},"modified":"2025-11-28T11:53:36","modified_gmt":"2025-11-28T11:53:36","slug":"liste-recrutement-swedd","status":"publish","type":"page","link":"https:\/\/drhsante.com\/drh\/liste-recrutement-swedd\/","title":{"rendered":"Liste recrutement SWEDD"},"content":{"rendered":"\t\t<div data-elementor-type=\"wp-page\" data-elementor-id=\"37436\" class=\"elementor elementor-37436\" data-elementor-post-type=\"page\">\n\t\t\t\t\t\t<section class=\"elementor-section elementor-top-section elementor-element elementor-element-8eb953c elementor-section-boxed elementor-section-height-default elementor-section-height-default wpr-particle-no wpr-jarallax-no wpr-parallax-no wpr-sticky-section-no wpr-equal-height-no\" data-id=\"8eb953c\" data-element_type=\"section\" data-e-type=\"section\">\n\t\t\t\t\t\t<div class=\"elementor-container elementor-column-gap-default\">\n\t\t\t\t\t<div class=\"elementor-column elementor-col-100 elementor-top-column elementor-element elementor-element-37f971f\" data-id=\"37f971f\" data-element_type=\"column\" data-e-type=\"column\">\n\t\t\t<div class=\"elementor-widget-wrap elementor-element-populated\">\n\t\t\t\t\t\t<div class=\"elementor-element elementor-element-f5a0190 elementor-widget elementor-widget-heading\" data-id=\"f5a0190\" data-element_type=\"widget\" data-e-type=\"widget\" data-widget_type=\"heading.default\">\n\t\t\t\t<div class=\"elementor-widget-container\">\n\t\t\t\t\t<h2 class=\"elementor-heading-title elementor-size-default\">Liste des agents recrut\u00e9s et Pi\u00e8ces \u00e0 fournir<\/h2>\t\t\t\t<\/div>\n\t\t\t\t<\/div>\n\t\t\t\t<div class=\"elementor-element elementor-element-d2966b9 elementor-widget elementor-widget-heading\" data-id=\"d2966b9\" data-element_type=\"widget\" data-e-type=\"widget\" data-widget_type=\"heading.default\">\n\t\t\t\t<div class=\"elementor-widget-container\">\n\t\t\t\t\t<h4 class=\"elementor-heading-title elementor-size-default\">Pour les besoins de la signature de votre contrat veuillez vous pr\u00e9senter au minist\u00e8re de la sant\u00e9 et de l'Hygi\u00e8ne Publique \u00e0 la Direction des Ressources humaines muni de ces pi\u00e8ces du 03\/12\/2025 au 11\/12\/2025 dernier d\u00e9lais.<\/h4>\t\t\t\t<\/div>\n\t\t\t\t<\/div>\n\t\t\t\t\t<\/div>\n\t\t<\/div>\n\t\t\t\t\t<\/div>\n\t\t<\/section>\n\t\t\t\t<section class=\"elementor-section elementor-top-section elementor-element elementor-element-63a21c0 elementor-section-boxed elementor-section-height-default elementor-section-height-default wpr-particle-no wpr-jarallax-no wpr-parallax-no wpr-sticky-section-no wpr-equal-height-no\" data-id=\"63a21c0\" data-element_type=\"section\" data-e-type=\"section\">\n\t\t\t\t\t\t<div class=\"elementor-container elementor-column-gap-default\">\n\t\t\t\t\t<div class=\"elementor-column elementor-col-50 elementor-top-column elementor-element elementor-element-1aa0b74\" data-id=\"1aa0b74\" data-element_type=\"column\" data-e-type=\"column\">\n\t\t\t<div class=\"elementor-widget-wrap elementor-element-populated\">\n\t\t\t\t\t\t<div class=\"elementor-element elementor-element-aa6c2bf elementor-widget elementor-widget-text-editor\" data-id=\"aa6c2bf\" data-element_type=\"widget\" data-e-type=\"widget\" data-widget_type=\"text-editor.default\">\n\t\t\t\t<div class=\"elementor-widget-container\">\n\t\t\t\t\t\t\t\t\t<p style=\"font-style: normal; font-variant-ligatures: normal; font-variant-caps: normal; font-weight: 400; font-size: 18px; font-family: Roboto, sans-serif;\"><span style=\"font-size: 13.5pt; font-family: Wingdings; text-indent: -18pt; color: black;\">\u00a0 \u00d8\u00a0<\/span><span style=\"font-size: 13.5pt; font-family: Arial, sans-serif; text-indent: -18pt; color: black;\">Demande manuscrite adress\u00e9e au Directeur<\/span><\/p><p style=\"margin: 0cm 0cm 12pt 36pt; font-style: normal; font-variant-ligatures: normal; font-variant-caps: normal; font-weight: 400; font-size: 18px; font-family: Roboto, sans-serif; background-image: initial; background-position: initial; background-size: initial; background-repeat: initial; background-attachment: initial; background-origin: initial; background-clip: initial; text-indent: -18pt;\"><span style=\"font-size: 13.5pt; font-family: Wingdings; color: black;\">\u00d8\u00a0<\/span><span style=\"font-size: 13.5pt; font-family: Arial, sans-serif; color: black;\">Photocopie l\u00e9galis\u00e9e de chaque dipl\u00f4me obtenu<\/span><\/p><p style=\"margin: 0cm 0cm 12pt 36pt; font-style: normal; font-variant-ligatures: normal; font-variant-caps: normal; font-weight: 400; font-size: 18px; font-family: Roboto, sans-serif; background-image: initial; background-position: initial; background-size: initial; background-repeat: initial; background-attachment: initial; background-origin: initial; background-clip: initial; text-indent: -18pt;\"><span style=\"font-size: 13.5pt; font-family: Wingdings; color: black;\">\u00d8\u00a0<\/span><span style=\"font-size: 13.5pt; font-family: Arial, sans-serif; color: black;\">Extrait de naissance de moins de 3 mois<\/span><\/p><p style=\"margin: 0cm 0cm 12pt 36pt; font-style: normal; font-variant-ligatures: normal; font-variant-caps: normal; font-weight: 400; font-size: 18px; font-family: Roboto, sans-serif; background-image: initial; background-position: initial; background-size: initial; background-repeat: initial; background-attachment: initial; background-origin: initial; background-clip: initial; text-indent: -18pt;\"><span style=\"font-size: 13.5pt; font-family: Wingdings; color: black;\">\u00d8\u00a0<\/span><span style=\"font-size: 13.5pt; font-family: Arial, sans-serif; color: black;\">Extrait du casier judiciaire de moins de 3 mois<\/span><\/p><p style=\"margin: 0cm 0cm 12pt 36pt; font-style: normal; font-variant-ligatures: normal; font-variant-caps: normal; font-weight: 400; font-size: 18px; font-family: Roboto, sans-serif; background-image: initial; background-position: initial; background-size: initial; background-repeat: initial; background-attachment: initial; background-origin: initial; background-clip: initial; text-indent: -18pt;\"><span style=\"font-size: 13.5pt; font-family: Wingdings; color: black;\">\u00d8\u00a0<\/span><span style=\"font-size: 13.5pt; font-family: Arial, sans-serif; color: black;\">Certificat de bonne vie et m\u0153urs<\/span><\/p><p style=\"margin: 0cm 0cm 12pt 36pt; font-style: normal; font-variant-ligatures: normal; font-variant-caps: normal; font-weight: 400; font-size: 18px; font-family: Roboto, sans-serif; background-image: initial; background-position: initial; background-size: initial; background-repeat: initial; background-attachment: initial; background-origin: initial; background-clip: initial; text-indent: -18pt;\"><span style=\"font-style: normal; font-variant-ligatures: normal; font-variant-caps: normal; font-weight: 400; font-size: 13.5pt; font-family: Wingdings; color: black;\">\u00d8\u00a0<\/span><span style=\"font-style: normal; font-variant-ligatures: normal; font-variant-caps: normal; font-weight: 400; font-size: 13.5pt; font-family: Arial, sans-serif; color: black;\">Certificat de visite contre visite m\u00e9dicale<\/span><\/p>\t\t\t\t\t\t\t\t<\/div>\n\t\t\t\t<\/div>\n\t\t\t\t\t<\/div>\n\t\t<\/div>\n\t\t\t\t<div class=\"elementor-column elementor-col-50 elementor-top-column elementor-element elementor-element-d577571\" data-id=\"d577571\" data-element_type=\"column\" data-e-type=\"column\">\n\t\t\t<div class=\"elementor-widget-wrap elementor-element-populated\">\n\t\t\t\t\t\t<div class=\"elementor-element elementor-element-8b25a25 elementor-widget elementor-widget-text-editor\" data-id=\"8b25a25\" data-element_type=\"widget\" data-e-type=\"widget\" data-widget_type=\"text-editor.default\">\n\t\t\t\t<div class=\"elementor-widget-container\">\n\t\t\t\t\t\t\t\t\t<p style=\"margin: 0cm 0cm 12pt 36pt; font-style: normal; font-variant-ligatures: normal; font-variant-caps: normal; font-weight: 400; font-size: 18px; font-family: Roboto, sans-serif; background-image: initial; background-position: initial; background-size: initial; background-repeat: initial; background-attachment: initial; background-origin: initial; background-clip: initial; text-indent: -18pt;\"><span style=\"font-size: 13.5pt; font-style: normal; font-variant-ligatures: normal; font-variant-caps: normal; font-weight: 400; text-indent: -18pt; font-family: Wingdings; color: black;\">\u00d8\u00a0<\/span><span style=\"font-size: 13.5pt; font-style: normal; font-variant-ligatures: normal; font-variant-caps: normal; font-weight: 400; text-indent: -18pt; font-family: Arial, sans-serif; color: black;\">Copie certificat de nationalit\u00e9<\/span><\/p><p style=\"margin: 0cm 0cm 12pt 36pt; font-style: normal; font-variant-ligatures: normal; font-variant-caps: normal; font-weight: 400; font-size: 18px; font-family: Roboto, sans-serif; background-image: initial; background-position: initial; background-size: initial; background-repeat: initial; background-attachment: initial; background-origin: initial; background-clip: initial; text-indent: -18pt;\"><span style=\"font-size: 13.5pt; font-family: Wingdings; color: black;\">\u00d8\u00a0<\/span><span style=\"font-size: 13.5pt; font-family: Arial, sans-serif; color: black;\">Domiciliation bancaire 3 exemplaires<\/span><\/p><p style=\"margin: 0cm 0cm 12pt 36pt; font-style: normal; font-variant-ligatures: normal; font-variant-caps: normal; font-weight: 400; font-size: 18px; font-family: Roboto, sans-serif; background-image: initial; background-position: initial; background-size: initial; background-repeat: initial; background-attachment: initial; background-origin: initial; background-clip: initial; text-indent: -18pt;\"><span style=\"font-size: 13.5pt; font-family: Wingdings; color: black;\">\u00d8\u00a0<\/span><span style=\"font-size: 13.5pt; font-family: Arial, sans-serif; color: black;\">Copie l\u00e9galis\u00e9e Carte Nationale d\u2019Identit\u00e9<\/span><\/p><p style=\"margin: 0cm 0cm 12pt 36pt; font-style: normal; font-variant-ligatures: normal; font-variant-caps: normal; font-weight: 400; font-size: 18px; font-family: Roboto, sans-serif; background-image: initial; background-position: initial; background-size: initial; background-repeat: initial; background-attachment: initial; background-origin: initial; background-clip: initial; text-indent: -18pt;\"><span style=\"font-size: 13.5pt; font-family: Wingdings; color: black;\">\u00d8\u00a0<\/span><span style=\"font-size: 13.5pt; font-family: Arial, sans-serif; color: black;\">Si mari\u00e9e certificat de mariage<\/span><\/p><p style=\"margin: 0cm 0cm 12pt 36pt; font-style: normal; font-variant-ligatures: normal; font-variant-caps: normal; font-weight: 400; font-size: 18px; font-family: Roboto, sans-serif; background-image: initial; background-position: initial; background-size: initial; background-repeat: initial; background-attachment: initial; background-origin: initial; background-clip: initial; text-indent: -18pt;\"><span style=\"font-size: 13.5pt; font-family: Wingdings; color: black;\">\u00d8\u00a0<\/span><span style=\"font-size: 13.5pt; font-family: Arial, sans-serif; color: black;\">Si vous avez des enfants mineurs, leurs<br \/>extraits de naissance<\/span><\/p>\t\t\t\t\t\t\t\t<\/div>\n\t\t\t\t<\/div>\n\t\t\t\t\t<\/div>\n\t\t<\/div>\n\t\t\t\t\t<\/div>\n\t\t<\/section>\n\t\t\t\t<section class=\"elementor-section elementor-top-section elementor-element elementor-element-ebfd3ea elementor-section-boxed elementor-section-height-default elementor-section-height-default wpr-particle-no wpr-jarallax-no wpr-parallax-no wpr-sticky-section-no wpr-equal-height-no\" data-id=\"ebfd3ea\" data-element_type=\"section\" data-e-type=\"section\">\n\t\t\t\t\t\t<div class=\"elementor-container elementor-column-gap-default\">\n\t\t\t\t\t<div class=\"elementor-column elementor-col-100 elementor-top-column elementor-element elementor-element-c52c52a\" data-id=\"c52c52a\" data-element_type=\"column\" data-e-type=\"column\">\n\t\t\t<div class=\"elementor-widget-wrap\">\n\t\t\t\t\t\t\t<\/div>\n\t\t<\/div>\n\t\t\t\t\t<\/div>\n\t\t<\/section>\n\t\t\t\t<\/div>\n\t\t","protected":false},"excerpt":{"rendered":"<p>Liste des agents recrut\u00e9s et Pi\u00e8ces \u00e0 fournir Pour les besoins de la signature de votre contrat veuillez vous pr\u00e9senter au minist\u00e8re de la sant\u00e9 et de l&rsquo;Hygi\u00e8ne Publique \u00e0&#46;&#46;&#46;<\/p>\n","protected":false},"author":1,"featured_media":0,"parent":0,"menu_order":0,"comment_status":"closed","ping_status":"closed","template":"","meta":{"om_disable_all_campaigns":false,"_uf_show_specific_survey":0,"_uf_disable_surveys":false,"footnotes":""},"class_list":["post-37436","page","type-page","status-publish","hentry"],"aioseo_notices":[],"jetpack_sharing_enabled":true,"_links":{"self":[{"href":"https:\/\/drhsante.com\/drh\/wp-json\/wp\/v2\/pages\/37436","targetHints":{"allow":["GET"]}}],"collection":[{"href":"https:\/\/drhsante.com\/drh\/wp-json\/wp\/v2\/pages"}],"about":[{"href":"https:\/\/drhsante.com\/drh\/wp-json\/wp\/v2\/types\/page"}],"author":[{"embeddable":true,"href":"https:\/\/drhsante.com\/drh\/wp-json\/wp\/v2\/users\/1"}],"replies":[{"embeddable":true,"href":"https:\/\/drhsante.com\/drh\/wp-json\/wp\/v2\/comments?post=37436"}],"version-history":[{"count":0,"href":"https:\/\/drhsante.com\/drh\/wp-json\/wp\/v2\/pages\/37436\/revisions"}],"wp:attachment":[{"href":"https:\/\/drhsante.com\/drh\/wp-json\/wp\/v2\/media?parent=37436"}],"curies":[{"name":"wp","href":"https:\/\/api.w.org\/{rel}","templated":true}]}}