{"id":22848,"date":"2024-04-14T22:23:46","date_gmt":"2024-04-14T22:23:46","guid":{"rendered":"https:\/\/drhsante.com\/drh\/?page_id=22848"},"modified":"2024-04-24T10:52:08","modified_gmt":"2024-04-24T10:52:08","slug":"repartition-du-personnel-medical-par-sexe-et-par-region","status":"publish","type":"page","link":"https:\/\/drhsante.com\/drh\/statistiques-rh\/repartition-du-personnel-medical-par-sexe-et-par-region\/","title":{"rendered":"R\u00e9partition du personnel m\u00e9dical par sexe et par r\u00e9gion"},"content":{"rendered":"\t\t<div data-elementor-type=\"wp-page\" data-elementor-id=\"22848\" class=\"elementor elementor-22848\" data-elementor-post-type=\"page\">\n\t\t\t\t\t\t<section class=\"elementor-section elementor-top-section elementor-element elementor-element-903596f elementor-section-boxed elementor-section-height-default elementor-section-height-default wpr-particle-no wpr-jarallax-no wpr-parallax-no wpr-sticky-section-no wpr-equal-height-no\" data-id=\"903596f\" data-element_type=\"section\" data-e-type=\"section\">\n\t\t\t\t\t\t<div class=\"elementor-container elementor-column-gap-default\">\n\t\t\t\t\t<div class=\"elementor-column elementor-col-100 elementor-top-column elementor-element elementor-element-9b48cf8\" data-id=\"9b48cf8\" data-element_type=\"column\" data-e-type=\"column\">\n\t\t\t<div class=\"elementor-widget-wrap elementor-element-populated\">\n\t\t\t\t\t\t<div class=\"elementor-element elementor-element-2bd436f elementor-widget elementor-widget-image\" data-id=\"2bd436f\" data-element_type=\"widget\" data-e-type=\"widget\" data-widget_type=\"image.default\">\n\t\t\t\t<div class=\"elementor-widget-container\">\n\t\t\t\t\t\t\t\t\t\t\t\t\t\t\t<img fetchpriority=\"high\" decoding=\"async\" width=\"863\" height=\"497\" src=\"https:\/\/drhsante.com\/drh\/wp-content\/uploads\/2024\/04\/situation-par-region.jpg\" class=\"attachment-large size-large wp-image-22849\" alt=\"\" srcset=\"https:\/\/drhsante.com\/drh\/wp-content\/uploads\/2024\/04\/situation-par-region.jpg 863w, https:\/\/drhsante.com\/drh\/wp-content\/uploads\/2024\/04\/situation-par-region-300x173.jpg 300w, https:\/\/drhsante.com\/drh\/wp-content\/uploads\/2024\/04\/situation-par-region-768x442.jpg 768w\" sizes=\"(max-width: 863px) 100vw, 863px\" \/>\t\t\t\t\t\t\t\t\t\t\t\t\t\t\t<\/div>\n\t\t\t\t<\/div>\n\t\t\t\t\t<\/div>\n\t\t<\/div>\n\t\t\t\t\t<\/div>\n\t\t<\/section>\n\t\t\t\t<\/div>\n\t\t","protected":false},"excerpt":{"rendered":"","protected":false},"author":1,"featured_media":22849,"parent":22845,"menu_order":0,"comment_status":"closed","ping_status":"closed","template":"","meta":{"om_disable_all_campaigns":false,"_uf_show_specific_survey":0,"_uf_disable_surveys":false,"footnotes":""},"class_list":["post-22848","page","type-page","status-publish","has-post-thumbnail","hentry"],"aioseo_notices":[],"jetpack_sharing_enabled":true,"_links":{"self":[{"href":"https:\/\/drhsante.com\/drh\/wp-json\/wp\/v2\/pages\/22848","targetHints":{"allow":["GET"]}}],"collection":[{"href":"https:\/\/drhsante.com\/drh\/wp-json\/wp\/v2\/pages"}],"about":[{"href":"https:\/\/drhsante.com\/drh\/wp-json\/wp\/v2\/types\/page"}],"author":[{"embeddable":true,"href":"https:\/\/drhsante.com\/drh\/wp-json\/wp\/v2\/users\/1"}],"replies":[{"embeddable":true,"href":"https:\/\/drhsante.com\/drh\/wp-json\/wp\/v2\/comments?post=22848"}],"version-history":[{"count":0,"href":"https:\/\/drhsante.com\/drh\/wp-json\/wp\/v2\/pages\/22848\/revisions"}],"up":[{"embeddable":true,"href":"https:\/\/drhsante.com\/drh\/wp-json\/wp\/v2\/pages\/22845"}],"wp:featuredmedia":[{"embeddable":true,"href":"https:\/\/drhsante.com\/drh\/wp-json\/wp\/v2\/media\/22849"}],"wp:attachment":[{"href":"https:\/\/drhsante.com\/drh\/wp-json\/wp\/v2\/media?parent=22848"}],"curies":[{"name":"wp","href":"https:\/\/api.w.org\/{rel}","templated":true}]}}