{"id":22303,"date":"2023-08-01T13:43:34","date_gmt":"2023-08-01T13:43:34","guid":{"rendered":"https:\/\/drhsante.com\/drh\/?page_id=22303"},"modified":"2024-04-24T10:17:23","modified_gmt":"2024-04-24T10:17:23","slug":"demande-daffectation","status":"publish","type":"page","link":"https:\/\/drhsante.com\/drh\/demande-daffectation\/","title":{"rendered":"Demande d&rsquo;affectation nouvelles recrues"},"content":{"rendered":"Vous devez \u00eatre connect\u00e9 pour voir ce contenu.","protected":false},"excerpt":{"rendered":"Vous devez \u00eatre connect\u00e9 pour voir ce contenu.","protected":false},"author":1,"featured_media":0,"parent":0,"menu_order":0,"comment_status":"closed","ping_status":"closed","template":"","meta":{"om_disable_all_campaigns":false,"_uf_show_specific_survey":0,"_uf_disable_surveys":false,"footnotes":""},"class_list":["post-22303","page","type-page","status-publish","hentry"],"aioseo_notices":[],"jetpack_sharing_enabled":true,"_links":{"self":[{"href":"https:\/\/drhsante.com\/drh\/wp-json\/wp\/v2\/pages\/22303","targetHints":{"allow":["GET"]}}],"collection":[{"href":"https:\/\/drhsante.com\/drh\/wp-json\/wp\/v2\/pages"}],"about":[{"href":"https:\/\/drhsante.com\/drh\/wp-json\/wp\/v2\/types\/page"}],"author":[{"embeddable":true,"href":"https:\/\/drhsante.com\/drh\/wp-json\/wp\/v2\/users\/1"}],"replies":[{"embeddable":true,"href":"https:\/\/drhsante.com\/drh\/wp-json\/wp\/v2\/comments?post=22303"}],"version-history":[{"count":0,"href":"https:\/\/drhsante.com\/drh\/wp-json\/wp\/v2\/pages\/22303\/revisions"}],"wp:attachment":[{"href":"https:\/\/drhsante.com\/drh\/wp-json\/wp\/v2\/media?parent=22303"}],"curies":[{"name":"wp","href":"https:\/\/api.w.org\/{rel}","templated":true}]}}